{"id":1755,"date":"2020-08-25T14:11:42","date_gmt":"2020-08-25T13:11:42","guid":{"rendered":"https:\/\/tgae.org\/?page_id=1755"},"modified":"2025-10-22T13:49:56","modified_gmt":"2025-10-22T12:49:56","slug":"contacto","status":"publish","type":"page","link":"https:\/\/tgae.org\/es\/contacto\/","title":{"rendered":"Contacto"},"content":{"rendered":"<p><div class=\"fusion-fullwidth fullwidth-box fusion-builder-row-1 fusion-flex-container has-pattern-background has-mask-background fusion-parallax-none nonhundred-percent-fullwidth non-hundred-percent-height-scrolling lazyload\" style=\"--awb-background-position:center bottom;--awb-border-radius-top-left:0px;--awb-border-radius-top-right:0px;--awb-border-radius-bottom-right:0px;--awb-border-radius-bottom-left:0px;--awb-padding-top:20px;--awb-padding-bottom:100px;--awb-padding-top-medium:0px;--awb-padding-right-medium:60px;--awb-padding-bottom-medium:40px;--awb-padding-left-medium:60px;--awb-padding-bottom-small:40px;--awb-margin-top:0px;--awb-margin-bottom:0px;--awb-min-height:300px;--awb-background-color:var(--awb-color8);--awb-background-size:cover;\" data-bg=\"https:\/\/tgae.org\/wp-content\/uploads\/2023\/03\/home-bg-3.png\" ><div class=\"fusion-builder-row fusion-row fusion-flex-align-items-flex-start\" style=\"max-width:1435.2px;margin-left: calc(-4% \/ 2 );margin-right: calc(-4% \/ 2 );\"><div class=\"fusion-layout-column fusion_builder_column fusion-builder-column-0 fusion_builder_column_2_5 2_5 fusion-flex-column\" style=\"--awb-bg-size:cover;--awb-width-large:40%;--awb-margin-top-large:0px;--awb-spacing-right-large:4.8%;--awb-margin-bottom-large:0px;--awb-spacing-left-large:4.8%;--awb-width-medium:60%;--awb-order-medium:0;--awb-spacing-right-medium:3.2%;--awb-spacing-left-medium:3.2%;--awb-width-small:100%;--awb-order-small:0;--awb-spacing-right-small:1.92%;--awb-spacing-left-small:1.92%;\"><div class=\"fusion-column-wrapper fusion-column-has-shadow fusion-flex-justify-content-flex-start fusion-content-layout-column\"><div class=\"fusion-title title fusion-title-1 fusion-sep-none fusion-title-text fusion-title-size-one\" style=\"--awb-text-color:var(--awb-color1);\"><h1 class=\"title-heading-left sm-text-align-center fusion-responsive-typography-calculated\" style=\"margin:0;--fontSize:57;line-height:var(--awb-typography1-line-height);\">Contacta con TGAE<\/h1><\/div><div class=\"fusion-text fusion-text-1 sm-text-align-center\" style=\"--awb-text-color:var(--awb-color1);\"><p>Si tienes cualquier duda o consulta contacta con nosotros, \u00a1te atenderemos encantados!<\/p>\n<\/div><\/div><\/div><\/div><\/div><div class=\"fusion-fullwidth fullwidth-box fusion-builder-row-2 fusion-flex-container has-pattern-background has-mask-background nonhundred-percent-fullwidth non-hundred-percent-height-scrolling\" style=\"--awb-border-radius-top-left:0px;--awb-border-radius-top-right:0px;--awb-border-radius-bottom-right:0px;--awb-border-radius-bottom-left:0px;--awb-margin-top:50px;\" ><div class=\"fusion-builder-row fusion-row fusion-flex-align-items-flex-start\" style=\"max-width:1435.2px;margin-left: calc(-4% \/ 2 );margin-right: calc(-4% \/ 2 );\"><div class=\"fusion-layout-column fusion_builder_column fusion-builder-column-1 fusion_builder_column_1_2 1_2 fusion-flex-column fusion-no-small-visibility\" style=\"--awb-bg-size:cover;--awb-width-large:50%;--awb-margin-top-large:0px;--awb-spacing-right-large:3.84%;--awb-margin-bottom-large:20px;--awb-spacing-left-large:3.84%;--awb-width-medium:50%;--awb-order-medium:0;--awb-spacing-right-medium:3.84%;--awb-spacing-left-medium:3.84%;--awb-width-small:100%;--awb-order-small:0;--awb-spacing-right-small:1.92%;--awb-spacing-left-small:1.92%;\"><div class=\"fusion-column-wrapper fusion-column-has-shadow fusion-flex-justify-content-flex-start fusion-content-layout-column\"><div class=\"fusion-image-element \" style=\"--awb-caption-title-size:var(--h2_typography-font-size);--awb-caption-title-transform:var(--h2_typography-text-transform);--awb-caption-title-line-height:var(--h2_typography-line-height);--awb-caption-title-letter-spacing:var(--h2_typography-letter-spacing);\"><span class=\" fusion-imageframe imageframe-none imageframe-1 hover-type-none\"><img decoding=\"async\" width=\"1413\" height=\"1526\" title=\"Contacto\" src=\"https:\/\/tgae.org\/wp-content\/uploads\/2023\/05\/Contacto.png\" data-orig-src=\"https:\/\/tgae.org\/wp-content\/uploads\/2023\/05\/Contacto.png\" alt class=\"lazyload img-responsive wp-image-1593\" srcset=\"data:image\/svg+xml,%3Csvg%20xmlns%3D%27http%3A%2F%2Fwww.w3.org%2F2000%2Fsvg%27%20width%3D%271413%27%20height%3D%271526%27%20viewBox%3D%270%200%201413%201526%27%3E%3Crect%20width%3D%271413%27%20height%3D%271526%27%20fill-opacity%3D%220%22%2F%3E%3C%2Fsvg%3E\" data-srcset=\"https:\/\/tgae.org\/wp-content\/uploads\/2023\/05\/Contacto-200x216.png 200w, https:\/\/tgae.org\/wp-content\/uploads\/2023\/05\/Contacto-400x432.png 400w, https:\/\/tgae.org\/wp-content\/uploads\/2023\/05\/Contacto-600x648.png 600w, https:\/\/tgae.org\/wp-content\/uploads\/2023\/05\/Contacto-800x864.png 800w, https:\/\/tgae.org\/wp-content\/uploads\/2023\/05\/Contacto-1200x1296.png 1200w, https:\/\/tgae.org\/wp-content\/uploads\/2023\/05\/Contacto.png 1413w\" data-sizes=\"auto\" data-orig-sizes=\"(max-width: 740px) 100vw, 800px\" \/><\/span><\/div><\/div><\/div><div class=\"fusion-layout-column fusion_builder_column fusion-builder-column-2 fusion_builder_column_1_2 1_2 fusion-flex-column\" style=\"--awb-bg-size:cover;--awb-width-large:50%;--awb-margin-top-large:-100px;--awb-spacing-right-large:3.84%;--awb-margin-bottom-large:20px;--awb-spacing-left-large:3.84%;--awb-width-medium:50%;--awb-order-medium:0;--awb-spacing-right-medium:3.84%;--awb-spacing-left-medium:3.84%;--awb-width-small:100%;--awb-order-small:0;--awb-margin-top-small:0;--awb-spacing-right-small:1.92%;--awb-spacing-left-small:1.92%;\"><div class=\"fusion-column-wrapper fusion-column-has-shadow fusion-flex-justify-content-flex-start fusion-content-layout-column\">\n<div class=\"wpcf7 no-js\" id=\"wpcf7-f1648-o1\" lang=\"es-ES\" dir=\"ltr\">\n<div class=\"screen-reader-response\"><p role=\"status\" aria-live=\"polite\" aria-atomic=\"true\"><\/p> <ul><\/ul><\/div>\n<form action=\"\/es\/wp-json\/wp\/v2\/pages\/1755#wpcf7-f1648-o1\" method=\"post\" class=\"wpcf7-form init\" aria-label=\"Formulario de contacto\" novalidate=\"novalidate\" data-status=\"init\">\n<div style=\"display: none;\">\n<input type=\"hidden\" name=\"_wpcf7\" value=\"1648\" \/>\n<input type=\"hidden\" name=\"_wpcf7_version\" value=\"5.7.7\" \/>\n<input type=\"hidden\" name=\"_wpcf7_locale\" value=\"es_ES\" \/>\n<input type=\"hidden\" name=\"_wpcf7_unit_tag\" value=\"wpcf7-f1648-o1\" \/>\n<input type=\"hidden\" name=\"_wpcf7_container_post\" value=\"0\" \/>\n<input type=\"hidden\" name=\"_wpcf7_posted_data_hash\" value=\"\" \/>\n<input type=\"hidden\" name=\"_wpcf7_recaptcha_response\" value=\"\" \/>\n<\/div>\n<p><label> Nombre y apellidos<br \/>\n<span class=\"wpcf7-form-control-wrap\" data-name=\"your-name\"><input size=\"40\" class=\"wpcf7-form-control wpcf7-text wpcf7-validates-as-required\" autocomplete=\"name\" aria-required=\"true\" aria-invalid=\"false\" value=\"\" type=\"text\" name=\"your-name\" \/><\/span> <\/label>\n<\/p>\n<p><label> Correo electr\u00f3nico<br \/>\n<span class=\"wpcf7-form-control-wrap\" data-name=\"your-email\"><input size=\"40\" class=\"wpcf7-form-control wpcf7-text wpcf7-email wpcf7-validates-as-required wpcf7-validates-as-email\" autocomplete=\"email\" aria-required=\"true\" aria-invalid=\"false\" value=\"\" type=\"email\" name=\"your-email\" \/><\/span> <\/label>\n<\/p>\n<p><label> Asunto<br \/>\n<span class=\"wpcf7-form-control-wrap\" data-name=\"your-subject\"><input size=\"40\" class=\"wpcf7-form-control wpcf7-text wpcf7-validates-as-required\" aria-required=\"true\" aria-invalid=\"false\" value=\"\" type=\"text\" name=\"your-subject\" \/><\/span> <\/label>\n<\/p>\n<p><label> Mensaje<br \/>\n<span class=\"wpcf7-form-control-wrap\" data-name=\"your-message\"><textarea cols=\"40\" rows=\"10\" class=\"wpcf7-form-control wpcf7-textarea wpcf7-validates-as-required\" aria-required=\"true\" aria-invalid=\"false\" name=\"your-message\"><\/textarea><\/span> <\/label>\n<\/p>\n<p><span class=\"wpcf7-form-control-wrap\" data-name=\"acceptance-347\"><span class=\"wpcf7-form-control wpcf7-acceptance\"><span class=\"wpcf7-list-item\"><label><input type=\"checkbox\" name=\"acceptance-347\" value=\"1\" aria-invalid=\"false\" \/><span class=\"wpcf7-list-item-label\">He llegit i accepto <a href=\"\/avis-legal\/\">l'av\u00eds legal i condici\u00f3ns d'\u00fas del portal<a> i les <a href=\"\/politica-de-privadesa\/\">pol\u00edtiques de privadesa<\/a><\/span><\/label><\/span><\/span><\/span>\n<\/p>\n<p><input class=\"wpcf7-form-control has-spinner wpcf7-submit\" type=\"submit\" value=\"Enviar\" \/>\n<\/p><div class=\"fusion-alert alert custom alert-custom fusion-alert-center wpcf7-response-output alert-dismissable\" style=\"--awb-border-size:1px;\" role=\"alert\"><div class=\"fusion-alert-content-wrapper\"><span class=\"fusion-alert-content\"><\/span><\/div><button type=\"button\" class=\"close toggle-alert\" data-dismiss=\"alert\" aria-label=\"Close\">&times;<\/button><\/div>\n<\/form>\n<\/div>\n<ul style=\"--awb-size:18px;--awb-iconcolor:var(--awb-color7);--awb-textcolor:var(--awb-color8);--awb-line-height:30.6px;--awb-icon-width:30.6px;--awb-icon-height:30.6px;--awb-icon-margin:12.6px;--awb-content-margin:43.2px;\" class=\"fusion-checklist fusion-checklist-1 fusion-checklist-default type-icons\"><li class=\"fusion-li-item\" style=\"\"><span class=\"icon-wrapper circle-no\"><i class=\"fusion-li-icon fa-phone-alt fas\" aria-hidden=\"true\"><\/i><\/span><div class=\"fusion-li-item-content\"><strong><a href=\"tel:973443080\">973 44 30 80<\/a><\/strong><\/div><\/li><li class=\"fusion-li-item\" style=\"\"><span class=\"icon-wrapper circle-no\"><i class=\"fusion-li-icon fa-whatsapp-square fab\" aria-hidden=\"true\"><\/i><\/span><div class=\"fusion-li-item-content\"><strong><a href=\"https:\/\/api.whatsapp.com\/send\/?phone=34973447369&amp;text&amp;type=phone_number&amp;app_absent=0\" target=\"_blank\" rel=\"noopener\">973 44 73 69<\/a><\/strong><\/div><\/li><li class=\"fusion-li-item\" style=\"\"><span class=\"icon-wrapper circle-no\"><i class=\"fusion-li-icon fa-paper-plane fas\" aria-hidden=\"true\"><\/i><\/span><div class=\"fusion-li-item-content\"><strong><a href=\"mailto:info@tgae.cat\">info@tgae.cat<\/a><\/strong><\/div><\/li><li class=\"fusion-li-item\" style=\"\"><span class=\"icon-wrapper circle-no\"><i class=\"fusion-li-icon fa-map-marker-alt fas\" aria-hidden=\"true\"><\/i><\/span><div class=\"fusion-li-item-content\">\n<p><strong>Avenida de Pere III, 39 (Entresuelo), 25600 Balaguer, Lleida<\/strong><\/p>\n<\/div><\/li><li class=\"fusion-li-item\" style=\"\"><span class=\"icon-wrapper circle-no\"><i class=\"fusion-li-icon fa-clock fas\" aria-hidden=\"true\"><\/i><\/span><div class=\"fusion-li-item-content\">\n<p><strong>Dilluns a Divendres &#8211; 8:00 a 18:00<\/strong><\/p>\n<\/div><\/li><li class=\"fusion-li-item\" style=\"\"><span class=\"icon-wrapper circle-no\"><i class=\"fusion-li-icon fa-hand-point-right fas\" aria-hidden=\"true\"><\/i><\/span><div class=\"fusion-li-item-content\">\n<p>*Le informamos que este no es el canal de contacto por las cuestiones propias de la ley 2\/2023. Estamos trabajando en la web y los informaremos muy pronto sobre este extremo<\/p>\n<\/div><\/li><\/ul><\/div><\/div><\/div><\/div><\/p>\n","protected":false},"excerpt":{"rendered":"","protected":false},"author":1,"featured_media":0,"parent":0,"menu_order":0,"comment_status":"closed","ping_status":"closed","template":"100-width.php","meta":{"footnotes":""},"class_list":["post-1755","page","type-page","status-publish","hentry"],"yoast_head":"<!-- This site is optimized with the Yoast SEO plugin v20.8 - https:\/\/yoast.com\/wordpress\/plugins\/seo\/ -->\n<title>Contacto - THOT GROUP<\/title>\n<meta name=\"robots\" content=\"index, follow, max-snippet:-1, max-image-preview:large, max-video-preview:-1\" \/>\n<link rel=\"canonical\" href=\"https:\/\/tgae.org\/es\/contacto\/\" \/>\n<meta property=\"og:locale\" content=\"es_ES\" \/>\n<meta property=\"og:type\" content=\"article\" \/>\n<meta property=\"og:title\" content=\"Contacto - THOT GROUP\" \/>\n<meta property=\"og:url\" content=\"https:\/\/tgae.org\/es\/contacto\/\" \/>\n<meta property=\"og:site_name\" content=\"THOT GROUP\" \/>\n<meta property=\"article:modified_time\" content=\"2025-10-22T12:49:56+00:00\" \/>\n<meta name=\"twitter:card\" content=\"summary_large_image\" \/>\n<meta name=\"twitter:label1\" content=\"Tiempo de lectura\" \/>\n\t<meta name=\"twitter:data1\" content=\"4 minutos\" \/>\n<script type=\"application\/ld+json\" class=\"yoast-schema-graph\">{\"@context\":\"https:\/\/schema.org\",\"@graph\":[{\"@type\":\"WebPage\",\"@id\":\"https:\/\/tgae.org\/es\/contacto\/\",\"url\":\"https:\/\/tgae.org\/es\/contacto\/\",\"name\":\"Contacto - THOT GROUP\",\"isPartOf\":{\"@id\":\"https:\/\/tgae.org\/#website\"},\"datePublished\":\"2020-08-25T13:11:42+00:00\",\"dateModified\":\"2025-10-22T12:49:56+00:00\",\"breadcrumb\":{\"@id\":\"https:\/\/tgae.org\/es\/contacto\/#breadcrumb\"},\"inLanguage\":\"es\",\"potentialAction\":[{\"@type\":\"ReadAction\",\"target\":[\"https:\/\/tgae.org\/es\/contacto\/\"]}]},{\"@type\":\"BreadcrumbList\",\"@id\":\"https:\/\/tgae.org\/es\/contacto\/#breadcrumb\",\"itemListElement\":[{\"@type\":\"ListItem\",\"position\":1,\"name\":\"Inici\",\"item\":\"https:\/\/tgae.org\/es\/\"},{\"@type\":\"ListItem\",\"position\":2,\"name\":\"Contacto\"}]},{\"@type\":\"WebSite\",\"@id\":\"https:\/\/tgae.org\/#website\",\"url\":\"https:\/\/tgae.org\/\",\"name\":\"THOT GROUP\",\"description\":\"Assessorament d&#039;Empreses\",\"publisher\":{\"@id\":\"https:\/\/tgae.org\/#organization\"},\"potentialAction\":[{\"@type\":\"SearchAction\",\"target\":{\"@type\":\"EntryPoint\",\"urlTemplate\":\"https:\/\/tgae.org\/?s={search_term_string}\"},\"query-input\":\"required name=search_term_string\"}],\"inLanguage\":\"es\"},{\"@type\":\"Organization\",\"@id\":\"https:\/\/tgae.org\/#organization\",\"name\":\"THOT GROUP\",\"url\":\"https:\/\/tgae.org\/\",\"logo\":{\"@type\":\"ImageObject\",\"inLanguage\":\"es\",\"@id\":\"https:\/\/tgae.org\/#\/schema\/logo\/image\/\",\"url\":\"https:\/\/tgae.org\/wp-content\/uploads\/2023\/03\/logo.png\",\"contentUrl\":\"https:\/\/tgae.org\/wp-content\/uploads\/2023\/03\/logo.png\",\"width\":203,\"height\":203,\"caption\":\"THOT GROUP\"},\"image\":{\"@id\":\"https:\/\/tgae.org\/#\/schema\/logo\/image\/\"}}]}<\/script>\n<!-- \/ Yoast SEO plugin. -->","yoast_head_json":{"title":"Contacto - THOT GROUP","robots":{"index":"index","follow":"follow","max-snippet":"max-snippet:-1","max-image-preview":"max-image-preview:large","max-video-preview":"max-video-preview:-1"},"canonical":"https:\/\/tgae.org\/es\/contacto\/","og_locale":"es_ES","og_type":"article","og_title":"Contacto - THOT GROUP","og_url":"https:\/\/tgae.org\/es\/contacto\/","og_site_name":"THOT GROUP","article_modified_time":"2025-10-22T12:49:56+00:00","twitter_card":"summary_large_image","twitter_misc":{"Tiempo de lectura":"4 minutos"},"schema":{"@context":"https:\/\/schema.org","@graph":[{"@type":"WebPage","@id":"https:\/\/tgae.org\/es\/contacto\/","url":"https:\/\/tgae.org\/es\/contacto\/","name":"Contacto - THOT GROUP","isPartOf":{"@id":"https:\/\/tgae.org\/#website"},"datePublished":"2020-08-25T13:11:42+00:00","dateModified":"2025-10-22T12:49:56+00:00","breadcrumb":{"@id":"https:\/\/tgae.org\/es\/contacto\/#breadcrumb"},"inLanguage":"es","potentialAction":[{"@type":"ReadAction","target":["https:\/\/tgae.org\/es\/contacto\/"]}]},{"@type":"BreadcrumbList","@id":"https:\/\/tgae.org\/es\/contacto\/#breadcrumb","itemListElement":[{"@type":"ListItem","position":1,"name":"Inici","item":"https:\/\/tgae.org\/es\/"},{"@type":"ListItem","position":2,"name":"Contacto"}]},{"@type":"WebSite","@id":"https:\/\/tgae.org\/#website","url":"https:\/\/tgae.org\/","name":"THOT GROUP","description":"Assessorament d&#039;Empreses","publisher":{"@id":"https:\/\/tgae.org\/#organization"},"potentialAction":[{"@type":"SearchAction","target":{"@type":"EntryPoint","urlTemplate":"https:\/\/tgae.org\/?s={search_term_string}"},"query-input":"required name=search_term_string"}],"inLanguage":"es"},{"@type":"Organization","@id":"https:\/\/tgae.org\/#organization","name":"THOT GROUP","url":"https:\/\/tgae.org\/","logo":{"@type":"ImageObject","inLanguage":"es","@id":"https:\/\/tgae.org\/#\/schema\/logo\/image\/","url":"https:\/\/tgae.org\/wp-content\/uploads\/2023\/03\/logo.png","contentUrl":"https:\/\/tgae.org\/wp-content\/uploads\/2023\/03\/logo.png","width":203,"height":203,"caption":"THOT GROUP"},"image":{"@id":"https:\/\/tgae.org\/#\/schema\/logo\/image\/"}}]}},"_links":{"self":[{"href":"https:\/\/tgae.org\/es\/wp-json\/wp\/v2\/pages\/1755","targetHints":{"allow":["GET"]}}],"collection":[{"href":"https:\/\/tgae.org\/es\/wp-json\/wp\/v2\/pages"}],"about":[{"href":"https:\/\/tgae.org\/es\/wp-json\/wp\/v2\/types\/page"}],"author":[{"embeddable":true,"href":"https:\/\/tgae.org\/es\/wp-json\/wp\/v2\/users\/1"}],"replies":[{"embeddable":true,"href":"https:\/\/tgae.org\/es\/wp-json\/wp\/v2\/comments?post=1755"}],"version-history":[{"count":7,"href":"https:\/\/tgae.org\/es\/wp-json\/wp\/v2\/pages\/1755\/revisions"}],"predecessor-version":[{"id":1973,"href":"https:\/\/tgae.org\/es\/wp-json\/wp\/v2\/pages\/1755\/revisions\/1973"}],"wp:attachment":[{"href":"https:\/\/tgae.org\/es\/wp-json\/wp\/v2\/media?parent=1755"}],"curies":[{"name":"wp","href":"https:\/\/api.w.org\/{rel}","templated":true}]}}